{"id":186,"date":"2025-06-17T15:39:53","date_gmt":"2025-06-17T06:39:53","guid":{"rendered":"https:\/\/www.h-honda-b1018.com\/?page_id=186"},"modified":"2025-08-31T13:46:57","modified_gmt":"2025-08-31T04:46:57","slug":"day-services-%e8%aa%b2%e9%a1%8c%e5%88%b6%e4%bd%9c","status":"publish","type":"page","link":"https:\/\/www.h-honda-b1018.com\/?page_id=186","title":{"rendered":"dayservices (\u8ab2\u984c\u5236\u4f5c)"},"content":{"rendered":"\n<p class=\"has-large-font-size\" id=\"block-77e4c434-744c-4b20-a613-6825654c3653\"><a href=\"..\/kyouritz-dayservices\/design comp_Dayservice_01.jpg\" target=\"_blank\" rel=\"noreferrer noopener\">\u30c7\u30b6\u30a4\u30f3\u30ab\u30f3\u30d7<\/a>(\u591a\u6570\u3042\u308a\u3001\u8868\u793a\u5c11\u3057\u9045\u3044)<\/p>\n\n\n\n<figure class=\"wp-block-image size-full is-resized\" style=\"margin-top:var(--wp--preset--spacing--10);margin-bottom:var(--wp--preset--spacing--10)\"><img loading=\"lazy\" decoding=\"async\" width=\"256\" height=\"250\" src=\"https:\/\/www.h-honda-b1018.com\/wp-content\/uploads\/2025\/06\/adobe-photoshop-4.png\" alt=\"\" class=\"wp-image-197\" style=\"width:72px\"\/><figcaption class=\"wp-element-caption\">\u4f7f\u7528\u30c4\u30fc\u30eb\uff1aPhotoshop<\/figcaption><\/figure>\n\n\n\n<div style=\"height:64px\" aria-hidden=\"true\" class=\"wp-block-spacer\"><\/div>\n\n\n\n<p class=\"has-large-font-size\" id=\"block-4245beb0-645c-4d24-9b34-3c6413484dfb\"><a href=\"..\/kyouritz-dayservices\/banner_else.pdf\" data-type=\"link\" data-id=\"..\/kyouritz-dayservices\/banner_else.pdf\" target=\"_blank\" rel=\"noreferrer noopener\">\u30d0\u30ca\u30fc&amp;\u30ed\u30b4\u4ed6<\/a><\/p>\n\n\n\n<figure class=\"wp-block-image size-full is-resized\" style=\"margin-top:var(--wp--preset--spacing--10);margin-bottom:var(--wp--preset--spacing--10)\"><img loading=\"lazy\" decoding=\"async\" width=\"256\" height=\"250\" src=\"https:\/\/www.h-honda-b1018.com\/wp-content\/uploads\/2025\/06\/adobe-photoshop-4.png\" alt=\"\" class=\"wp-image-197\" style=\"width:72px\"\/><figcaption class=\"wp-element-caption\">\u4f7f\u7528\u30c4\u30fc\u30eb\uff1aPhotoshop<\/figcaption><\/figure>\n\n\n\n<div style=\"height:64px\" aria-hidden=\"true\" class=\"wp-block-spacer\"><\/div>\n\n\n\n<p class=\"has-large-font-size\" id=\"block-8241ce47-3c93-4dea-aad4-85da60987a45\"><a href=\"..\/kyouritz-dayservices\/index.html\" target=\"_blank\" rel=\"noreferrer noopener\">HP(HTML\/CSS<\/a>)<\/p>\n\n\n\n<div style=\"height:20px\" aria-hidden=\"true\" class=\"wp-block-spacer\"><\/div>\n\n\n\n<figure class=\"wp-block-image is-resized\" id=\"block-15d1d661-e6a8-469a-8b6f-2867de244102\"><img decoding=\"async\" src=\"https:\/\/www.h-honda-b1018.com\/wp-content\/uploads\/2025\/06\/adobe-dreamweaver-1.png\" alt=\"\u753b\u50cf\u306b alt \u5c5e\u6027\u304c\u6307\u5b9a\u3055\u308c\u3066\u3044\u307e\u305b\u3093\u3002\u30d5\u30a1\u30a4\u30eb\u540d: adobe-dreamweaver-1.png\" style=\"object-fit:cover;width:75px;height:75px\"\/><figcaption class=\"wp-element-caption\">\u4f7f\u7528\u30c4\u30fc\u30eb\uff1aDreamweaver<\/figcaption><\/figure>\n\n\n\n<div style=\"height:20px\" aria-hidden=\"true\" class=\"wp-block-spacer\"><\/div>\n\n\n\n<figure class=\"wp-block-image size-full is-resized\" id=\"block-3a0ac2a3-719a-4493-8c7a-c4b92253b672\"><a href=\"..\/kyouritz-dayservices\/index.html\" target=\"_blank\" rel=\" noreferrer noopener\"><img loading=\"lazy\" decoding=\"async\" width=\"303\" height=\"234\" src=\"https:\/\/www.h-honda-b1018.com\/wp-content\/uploads\/2025\/06\/dayservices-\u30d5\u30ec\u30fc\u30e0-1.png\" alt=\"\" class=\"wp-image-188\" style=\"width:300px\" srcset=\"https:\/\/www.h-honda-b1018.com\/wp-content\/uploads\/2025\/06\/dayservices-\u30d5\u30ec\u30fc\u30e0-1.png 303w, https:\/\/www.h-honda-b1018.com\/wp-content\/uploads\/2025\/06\/dayservices-\u30d5\u30ec\u30fc\u30e0-1-300x232.png 300w\" sizes=\"auto, (max-width: 303px) 100vw, 303px\" \/><\/a><\/figure>\n\n\n\n<div style=\"height:64px\" aria-hidden=\"true\" class=\"wp-block-spacer\"><\/div>\n\n\n\n<div style=\"height:12px\" aria-hidden=\"true\" class=\"wp-block-spacer\"><\/div>\n\n\n\n<p style=\"border-top-width:2px;border-bottom-style:none;border-bottom-width:0px\"><\/p>\n\n\n\n<div style=\"height:30px\" aria-hidden=\"true\" class=\"wp-block-spacer\"><\/div>\n\n\n\n<p class=\"has-accent-3-color has-text-color has-background has-link-color has-large-font-size wp-elements-5cc1f0435bbcd9b10f21caa2fc170fd8\" id=\"block-f5e9ab01-8086-47f5-9075-50fc658a7997\" style=\"background:linear-gradient(230deg,#C2A990 0%,#F9F9F9 100%);padding-top:0;padding-right:0;padding-bottom:0;padding-left:0\">\u25c6<strong>\u5236\u4f5c\u306b\u3042\u305f\u308a<\/strong><\/p>\n\n\n\n<div style=\"height:39px\" aria-hidden=\"true\" class=\"wp-block-spacer\"><\/div>\n\n\n\n<p id=\"block-3b5b55d3-c645-481b-b93d-3c2eee59a0b5\">\u30fb\u5236\u4f5c\u6642\u9593\u306f\u3001\u7d04540\u5206<\/p>\n\n\n\n<p>\u30fb\u8a13\u7df4\u6821\u306e\u7aef\u672b\u306f\u3001\u6a2a\u5e45\u306f1280\u00d71024\u30e2\u30cb\u30bf\u30fc\u74b0\u5883\u3067\u5236\u4f5c\u3002<\/p>\n\n\n\n<p id=\"block-cf61cd01-ea07-431e-9442-c973492c0a4b\">\u30fb\u30b3\u30fc\u30dd\u30ec\u30fc\u30c8\u30ab\u30e9\u30fc\u3092\u9806\u5b88\u3057\u512a\u3057\u3055\u306e\u3042\u308b\u8272\u5408\u3044\u3092\u541f\u5473\u3057\u5236\u4f5c\u3057\u307e\u3057\u305f\u3002<\/p>\n\n\n\n<p id=\"block-762b9e38-3b97-43f4-a61d-b759bc41831a\">\u30fb\u4eca\u56de\u306f\u8907\u6570\u30da\u30fc\u30b8\u5236\u4f5c\u3067\u3042\u308a\u3001\u4e0d\u6163\u308c\u3067\u3042\u3063\u305f\u305f\u3081CSS\u3092\u305d\u308c\u305e\u308c\u5225\u3067\u4f5c\u6210\u3002<\/p>\n\n\n\n<p>\u30fb\u3053\u308c\u3092\u4f5c\u6210\u6642\u70b9\u3067\u306f\u30cf\u30f3\u30d0\u30fc\u30ac\u30fc\u30e1\u30cb\u30e5\u30fc\u3078\u306e\u3001JavaScript\u3092\u5b66\u3076\u524d\u306e\u305f\u3081<\/p>\n\n\n\n<p>\u3000\u30cf\u30f3\u30d0\u30fc\u30ac\u30fc\u30e1\u30cb\u30e5\u30fc\u304b\u3089\u306e\u30ca\u30d3\u30b2\u30fc\u30b7\u30e7\u30f3\u306f\u975e\u8868\u793a\u3067\u3059\u3002<\/p>\n\n\n\n<p id=\"block-1b5d7306-ad40-4f0c-b62e-b0a43d98f3fa\">\u30fb\u5404\u30d6\u30ec\u30a4\u30af\u30dd\u30a4\u30f3\u30c8\u306b\u304a\u3044\u3066\u3082\u554f\u984c\u306a\u304f\u8868\u793a\u3067\u304d\u308b\u3088\u3046\u306b\u3001\u72ec\u5b66\u3067\u899a\u3048\u305fgrid\u3092<\/p>\n\n\n\n<p id=\"block-1b5d7306-ad40-4f0c-b62e-b0a43d98f3fa\">\u3000\u4f7f\u7528\u3057\u3001\u5404\u30da\u30fc\u30b8\u3001\u5404Section\u306e\u30ec\u30a4\u30a2\u30a6\u30c8\u3067\u4f7f\u7528\u3002<\/p>\n\n\n\n<p>\u30fb\u30d5\u30a9\u30f3\u30c8\u3092\u4e38\u307f\u306e\u304a\u3073\u305f\u3082\u306e\u3092\u9078\u629e\u3057\u3001\u512a\u3057\u3055\u3092\u8868\u73fe\u3057\u307e\u3057\u305f\u3002<\/p>\n\n\n\n<p id=\"block-822d9642-7eec-44ef-88f3-5827bd529a12\">\u30fb\u56db\u89d2\u306e\u67a0\u306e\u89d2\u4e38\u3092\u4f7f\u7528\u3057\u540c\u69d8\u306b\u512a\u3057\u3055\u3092\u8868\u73fe\u3057\u307e\u3057\u305f\u3002<\/p>\n\n\n\n<p>\u30fb\u30ed\u30b4\u306b\u3082\u512a\u3057\u3055\u304c\u51fa\u308b\u3088\u3046\u306b\u4e38\u307f\u3092\u3064\u3051\u30b3\u30fc\u30dd\u30ec\u30fc\u30c8\u30ab\u30e9\u30fc\u3067\u5236\u4f5c\u3057\u307e\u3057\u305f\u3002<\/p>\n\n\n\n<p>\u30fb\u30c8\u30c3\u30d7\u30da\u30fc\u30b8\u306e\u300c\u3054\u6848\u5185\u300d\u304b\u3089\u5404\u30da\u30fc\u30b8\u306b\u9077\u79fb\u3067\u304d\u308b\u3088\u3046\u306b\u30d0\u30ca\u30fc\u3092\u4f5c\u6210\u3057<\/p>\n\n\n\n<p>\u3000\u30ea\u30f3\u30af\u8a2d\u5b9a\u3057\u307e\u3057\u305f\u3002<\/p>\n\n\n\n<p id=\"block-68f33900-61c9-4131-9867-aead8d2cc6d7\">\u30fb\u753b\u50cf\u3067\u306e\u5236\u4f5c\u306b\u304a\u3044\u3066\u3001\u30d5\u30ea\u30fc\u30c0\u30a4\u30a2\u30eb\u3001\u300c\u6c42\u4eba\u300d\u306e\u30d0\u30ca\u30fc\u3001\u300c\u304a\u554f\u3044\u5408\u308f\u305b\u300d<\/p>\n\n\n\n<p id=\"block-68f33900-61c9-4131-9867-aead8d2cc6d7\">\u3000\u30dc\u30bf\u30f3\u3092\u5236\u4f5c\u3057\u307e\u3057\u305f\u3002<\/p>\n\n\n\n<p id=\"block-93d64d86-b6c6-42d8-a390-ff2abc806b33\">\u30fb\u30da\u30fc\u30b8\u306b\u3088\u308a\u30a4\u30e9\u30b9\u30c8\u3092\u591a\u6570\u4f7f\u7528\u3057\u3001\u512a\u3057\u3055\u3068\u697d\u3057\u3055\u304c\u4f1d\u308f\u308b\u3088\u3046\u306b\u3057\u307e\u3057<\/p>\n\n\n\n<p id=\"block-93d64d86-b6c6-42d8-a390-ff2abc806b33\">\u3000\u305f\u3002<\/p>\n\n\n\n<p>\u30fbheader\u306e\u5404\u30ea\u30f3\u30af\u306b\u30a2\u30f3\u30c0\u30fc\u30d0\u30fc\u306e\u30a2\u30cb\u30e1\u30fc\u30b7\u30e7\u30f3\u3092\u8a2d\u5b9a\u3057\u307e\u3057\u305f\u3002<\/p>\n\n\n\n<p id=\"block-762b9e38-3b97-43f4-a61d-b759bc41831a\">\u30fb\u30e1\u30a4\u30f3(\u30c8\u30c3\u30d7)\u306e\u5199\u771f\u304c\u9077\u79fb\u3059\u308b\u3088\u3046\u306b\u8a2d\u5b9a\u3002\uff08Gif\u30a2\u30cb\u30e1\u30fc\u30b7\u30e7\u30f3\u3092\u4f7f\u7528\uff09<\/p>\n\n\n\n<p>\u3000\u3000(\u203bcss\u3067\u306e\u30a2\u30cb\u30e1\u30fc\u30b7\u30e7\u30f3\u8a2d\u5b9a\u306f\u3053\u306e\u6642\u70b9\u3067\u306f\u6559\u308f\u3063\u3066\u3044\u306a\u3044)<\/p>\n\n\n\n<p>\u30fb\u8868\u793a\u5e45\u306b\u4f34\u3044\u3001\uff14\u5217\u304b\u3089\uff11\u5217\u3067\u8868\u793a\u3067\u304d\u308b\u3088\u3046\u306b\u3057\u3066\u304a\u308a\u307e\u3059\u3002<\/p>\n\n\n\n<p>\u30fb\u30b9\u30af\u30ed\u30fc\u30eb\u3057\u3066\u3082\u753b\u9762\u5185\u306b\u8868\u793a\u3055\u308c\u308b\u300c\u554f\u3044\u5408\u308f\u305b\u300d\u30dc\u30bf\u30f3\u3092\u914d\u7f6e\u3057\u307e\u3057\u305f\u3002<\/p>\n\n\n\n<p>\u30fb\u8907\u6570\u30da\u30fc\u30b8\u5236\u4f5c\u304c\u521d\u3081\u3066\u3067\u3042\u3063\u305f\u305f\u3081\u5927\u5909\u82e6\u52b4\u3057\u307e\u3057\u305f\u304c\u3001\u60f3\u5b9a\u3057\u305f\u3082\u306e\u306f<\/p>\n\n\n\n<p>\u3000\u51fa\u6765\u305f\u3068\u601d\u3063\u3066\u304a\u308a\u307e\u3059\u3002<\/p>\n\n\n\n<div style=\"height:64px\" aria-hidden=\"true\" class=\"wp-block-spacer\"><\/div>\n\n\n\n<div style=\"height:12px\" aria-hidden=\"true\" class=\"wp-block-spacer\"><\/div>\n\n\n\n<p style=\"border-top-width:2px;border-bottom-style:none;border-bottom-width:0px\"><\/p>\n\n\n\n<div style=\"height:30px\" aria-hidden=\"true\" class=\"wp-block-spacer\"><\/div>\n\n\n\n<p class=\"has-accent-background-color has-background has-large-font-size\" id=\"block-7cfcfb34-ac2a-47f6-b3e3-05415341b6e7\" style=\"padding-top:0;padding-right:0;padding-bottom:0;padding-left:0\">\u25c6<strong>\u6307\u793a\u66f8\u5185\u5bb9<\/strong><\/p>\n\n\n\n<div style=\"height:39px\" aria-hidden=\"true\" class=\"wp-block-spacer\"><\/div>\n\n\n\n<p class=\"has-text-color has-link-color wp-elements-8e6cef406486646860968d2834677545\" style=\"color:#021efa\"><strong>\u25a0<a href=\"..\/kyouritz-dayservices\/wire frame&amp;hierarchy.pdf\" target=\"_blank\" rel=\"noreferrer noopener\">\u30ef\u30a4\u30e4\u30fc\u30d5\u30ec\u30fc\u30e0\uff06\u968e\u5c64<\/a><\/strong><\/p>\n\n\n\n<p class=\"has-contrast-color has-text-color has-link-color wp-elements-535d12eb5c5ce6e4ba3cedc8adcdbb3b\">\u3000\u3092\u53c2\u8003\u306b\u5236\u4f5c\uff08\u203b\u968e\u5c64\u306f\u7e8f\u3081\u3066\u3082\u53ef\uff09<\/p>\n\n\n\n<div style=\"height:24px\" aria-hidden=\"true\" class=\"wp-block-spacer\"><\/div>\n\n\n\n<p><strong>\u25a0\u65bd\u8a2d\u540d\uff1a<\/strong><\/p>\n\n\n\n<p>\u3000\u3000\u30ad\u30e7\u30a6\u30ea\u30c4\u30fb\u30c7\u30a4\u30b5\u30fc\u30d3\u30b9<\/p>\n\n\n\n<div style=\"height:24px\" aria-hidden=\"true\" class=\"wp-block-spacer\"><\/div>\n\n\n\n<p><strong>\u25a0\u4f5c\u6210\u76ee\u7684\uff1a<\/strong><\/p>\n\n\n\n<p>\u3000\u3000\u5229\u7528\u8005\u306e\u96c6\u5ba2<br>\u3000\u3000\u5f93\u696d\u54e1\u30fb\u30d1\u30fc\u30c8\u306e\u52df\u96c6\uff08\u30d0\u30ca\u30fc\u306b\u3066\u8868\u73fe\uff09<\/p>\n\n\n\n<div style=\"height:24px\" aria-hidden=\"true\" class=\"wp-block-spacer\"><\/div>\n\n\n\n<p><strong>\u25a0\u30ca\u30d3\u30b2\u30fc\u30b7\u30e7\u30f3\uff1a<\/strong><\/p>\n\n\n\n<p>\u3000\u3000\uff28\uff2f\uff2d\uff25<br>\u3000\u3000\u65bd\u8a2d\u6848\u5185<br>\u3000\u3000\u65bd\u8a2d\u306e\u4e00\u65e5<br>\u3000\u3000\u65bd\u8a2d\u5468\u8fba\uff2d\uff21\uff30<br>\u3000\u3000\u3054\u5229\u7528\u6599\u91d1<br>\u3000\u3000\u304a\u98df\u4e8b<br>\u3000\u3000\u3054\u5229\u7528\u306e\u306a\u304c\u308c<\/p>\n\n\n\n<div style=\"height:24px\" aria-hidden=\"true\" class=\"wp-block-spacer\"><\/div>\n\n\n\n<p><strong>\u25a0\u305d\u306e\u4ed6\u30ea\u30f3\u30af\uff1a<\/strong><\/p>\n\n\n\n<p>\u3000\u3000\u65bd\u8a2d\u6982\u8981<br>\u3000\u3000\u304a\u554f\u3044\u5408\u308f\u305b<br>\u3000\u3000\u63a1\u7528\u60c5\u5831<br>\u3000\u3000\u500b\u4eba\u60c5\u5831\u4fdd\u8b77\u65b9\u91dd<\/p>\n\n\n\n<div style=\"height:24px\" aria-hidden=\"true\" class=\"wp-block-spacer\"><\/div>\n\n\n\n<p><strong>\u25a0\u30c8\u30c3\u30d7\u30da\u30fc\u30b8\u306b\u5fc5\u8981\u306a\u9805\u76ee\uff1a<\/strong><\/p>\n\n\n\n<p>\u3000\u3000\u30ad\u30e3\u30c3\u30c1\u30d5\u30ec\u30fc\u30ba<br>\u3000\u3000\u65b0\u7740\u60c5\u5831<br>\u3000\u3000\u30ab\u30ec\u30f3\u30c0\u30fc<br>\u3000\u3000\u96fb\u8a71\u756a\u53f7<br>\u3000\u3000\u30e1\u30a4\u30f3\u30a4\u30e1\u30fc\u30b8\u753b\u50cf<br>\u3000\u3000\u898b\u5b66\u30fb\u4f53\u9a13\u5229\u7528\u306e\u52df\u96c6<br>\u3000\u3000\u304a\u554f\u3044\u5408\u308f\u305b\u30dc\u30bf\u30f3<\/p>\n\n\n\n<p>\u3000\u3000\u305d\u306e\u4ed6\u3001\u5fc5\u8981\u3068\u601d\u308f\u308c\u308b\u9805\u76ee<\/p>\n\n\n\n<div style=\"height:24px\" aria-hidden=\"true\" class=\"wp-block-spacer\"><\/div>\n\n\n\n<p><strong>\u25a0\u30b3\u30fc\u30dd\u30ec\u30fc\u30c8\u30ab\u30e9\u30fc\uff1a<\/strong><\/p>\n\n\n\n<p>\u3000\u3000\u7dd1\u30fb\u9752\uff08\u6c34\u8272\uff09\u30fb\u30d4\u30f3\u30af<\/p>\n\n\n\n<div style=\"height:24px\" aria-hidden=\"true\" class=\"wp-block-spacer\"><\/div>\n\n\n\n<p><strong>\u25a0\u30ed\u30b4\u306b\u3064\u3044\u3066\uff1a<\/strong><\/p>\n\n\n\n<p>\u3000\u3000\u8449\u3063\u3071\u3092\u30e2\u30c1\u30fc\u30d5\u306b\u3057\u305f\u30c7\u30b6\u30a4\u30f3\u3067\u65b0\u898f\u306b\u4f5c\u6210<br>\u3000\u3000\u30ad\u30e7\u30a6\u30ea\u30c4\u30fb\u30c7\u30a4\u30b5\u30fc\u30d3\u30b9\u306e\u6587\u5b57\u3092\u5fc5\u305a\u5165\u308c\u308b<\/p>\n\n\n\n<div style=\"height:24px\" aria-hidden=\"true\" class=\"wp-block-spacer\"><\/div>\n\n\n\n<p><strong>\u25a0\u30ad\u30e3\u30c3\u30c1\u30d5\u30ec\u30fc\u30ba\uff1a<\/strong><\/p>\n\n\n\n<p>\u3000\u3000\u5fc3\u8c4a\u304b\u306b\u904e\u3054\u305b\u308b\u6642\u9593\u3092\u79c1\u305f\u3061\u3068\u904e\u3054\u3057\u307e\u3057\u3087\u3046<br>\u3000\u3000\u304a\u5e74\u5bc4\u308a\u304c\u5feb\u9069\u306b\u904e\u3054\u305b\u308b\u7b2c2\u306e\u6211\u304c\u5bb6\u3001\u30ad\u30e7\u30a6\u30ea\u30c4\u30fb\u30c7\u30a4\u30b5\u30fc\u30d3\u30b9<\/p>\n\n\n\n<div style=\"height:24px\" aria-hidden=\"true\" class=\"wp-block-spacer\"><\/div>\n\n\n\n<p><strong>\u25a0\u30c7\u30b6\u30a4\u30f3\u306b\u3064\u3044\u3066\uff1a<\/strong><\/p>\n\n\n\n<p>\u3000\u3000\u3084\u3055\u3057\u3044\u30a4\u30e1\u30fc\u30b8<br>\u3000\u3000\u9ad8\u9f62\u8005\u306b\u9069\u5207\u306a\u6587\u5b57\u30b5\u30a4\u30ba\u3092\u610f\u8b58\u3059\u308b<\/p>\n\n\n\n<p>\u3000\u3000\uff12\u30ab\u30e9\u30e0\u307e\u305f\u306f\u3001\uff13\u30ab\u30e9\u30e0\u30c7\u30b6\u30a4\u30f3<br>\u3000\u3000\u203b\u30ef\u30a4\u30e4\u30fc\u30d5\u30ec\u30fc\u30e0\u901a\u308a\u3067\u306a\u304f\u3066\u3082OK<\/p>\n\n\n\n<p>\u3000\u3000\u6a2a\u5e45\u306f\u30001280\u00d71024\u30e2\u30cb\u30bf\u30fc\u74b0\u5883\u3000\u3067\u9069\u5207\u306b\u95b2\u89a7\u3067\u304d\u308b\u3053\u3068<br>\u3000\u3000\u203b\u7e26\u30b9\u30af\u30ed\u30fc\u30eb\u53ef<\/p>\n\n\n\n<div style=\"height:24px\" aria-hidden=\"true\" class=\"wp-block-spacer\"><\/div>\n\n\n\n<p><strong>\u25a0\u554f\u3044\u5408\u308f\u305b\u30dc\u30bf\u30f3\uff1a<\/strong><\/p>\n\n\n\n<p>\u3000\u3000\u30c8\u30c3\u30d7\u30da\u30fc\u30b8\u3001\u4e2d\u30da\u30fc\u30b8\u306e\u3044\u305a\u308c\u304b\u306e\u5834\u6240\u306b<br>\u3000\u3000\u554f\u3044\u5408\u308f\u305b\u30dc\u30bf\u30f3\u3092\u914d\u7f6e<br>\u3000\u3000\u30b9\u30af\u30ed\u30fc\u30eb\u3057\u3066\u3082\u753b\u9762\u5185\u306b\u8868\u793a\u3055\u308c\u308b\u3088\u3046\u3059\u308b<\/p>\n\n\n\n<div style=\"height:24px\" aria-hidden=\"true\" class=\"wp-block-spacer\"><\/div>\n\n\n\n<p><strong>\u25a0\u65bd\u8a2d\u6982\u8981\uff1a<\/strong><\/p>\n\n\n\n<p>\u3000\u3000\u4f4f\u6240\uff1a\u6771\u4eac\u90fd\u4e2d\u91ce\u533a\u6771\u4e2d\u91ce0-1-2<br>\u3000\u3000\u96fb\u8a71\u756a\u53f7\uff1a0120-\u00d7\u00d7\u00d7\u00d7-\u00d7\u00d7\u00d7\u00d7<br>\u3000\u3000\uff26\uff21\uff38\uff1a03-\u00d7\u00d7\u00d7\u00d7-\u00d7\u00d7\u00d7\u00d7<\/p>\n\n\n\n<div style=\"height:24px\" aria-hidden=\"true\" class=\"wp-block-spacer\"><\/div>\n\n\n\n<p><strong>\u25a0\u5199\u771f\u7d20\u6750\u306b\u3064\u3044\u3066\uff1a<\/strong><\/p>\n\n\n\n<p>\u3000\u3000\u914d\u5e03\u4ee5\u5916\u306e\u4f7f\u7528\u7981\u6b62\uff08\u30c8\u30c3\u30d7\u30da\u30fc\u30b8\u306e\u307f\uff09<\/p>\n\n\n\n<div style=\"height:24px\" aria-hidden=\"true\" class=\"wp-block-spacer\"><\/div>\n\n\n\n<p><strong>\u25a0\u4e2d\u30da\u30fc\u30b8\uff1a<\/strong>\u30b5\u30a4\u30c8\u30de\u30c3\u30d7\u306e\u30d5\u30a1\u30a4\u30eb\u540d\u3092\u53c2\u8003\u306b\u30da\u30fc\u30b8\u3092\u4f5c\u6210<\/p>\n\n\n\n<p>\u3000\u3000\u4e2d\u30da\u30fc\u30b8\u5206\u306f\u7d20\u6750\u306e\u7528\u610f\u304c\u306a\u3044\u306e\u3067<br>\u3000\u3000\u5546\u7528\u5229\u7528\u53ef\u306e\u5199\u771f\u7d20\u6750\u3092\u63a2\u3057\u4f7f\u7528\u3059\u308b\u3053\u3068<\/p>\n\n\n\n<div style=\"height:24px\" aria-hidden=\"true\" class=\"wp-block-spacer\"><\/div>\n\n\n\n<p><strong>\u25a0\u30b3\u30d4\u30fc\u30e9\u30a4\u30c8\uff1a<\/strong><\/p>\n\n\n\n<p>\u3000\u3000Copyright (c) \u8077\u696d\u8a13\u7df4\u8ab2\u984c. All Rights Reserved.<\/p>\n\n\n\n<div style=\"height:24px\" aria-hidden=\"true\" class=\"wp-block-spacer\"><\/div>\n\n\n\n<p><strong>\u25a0\u30ec\u30b9\u30dd\u30f3\u30b7\u30d6\u5bfe\u5fdc\uff1a<\/strong><\/p>\n\n\n\n<p>\u3000\u3000\u30d6\u30ec\u30fc\u30af\u30dd\u30a4\u30f3\u30c8\u306f800px\u3068600px<\/p>\n\n\n\n<p id=\"block-f0f40cb3-f6c7-4fbd-9e87-5824622bc2b6\"><\/p>\n\n\n\n<p id=\"block-77f2fe6c-e30e-4bb7-9d9a-c3237aab70d7\"><\/p>\n","protected":false},"excerpt":{"rendered":"<p>\u30c7\u30b6\u30a4\u30f3\u30ab\u30f3\u30d7(\u591a\u6570\u3042\u308a\u3001\u8868\u793a\u5c11\u3057\u9045\u3044) \u30d0\u30ca\u30fc&amp;\u30ed\u30b4\u4ed6 HP(HTML\/CSS) \u25c6\u5236\u4f5c\u306b\u3042\u305f\u308a \u30fb\u5236\u4f5c\u6642\u9593\u306f\u3001\u7d04540\u5206 \u30fb\u8a13\u7df4\u6821\u306e\u7aef\u672b\u306f\u3001\u6a2a\u5e45\u306f1280\u00d71024\u30e2\u30cb\u30bf\u30fc\u74b0\u5883\u3067\u5236\u4f5c\u3002 \u30fb\u30b3\u30fc\u30dd\u30ec\u30fc\u30c8\u30ab\u30e9\u30fc\u3092 [&hellip;]<\/p>\n","protected":false},"author":1,"featured_media":0,"parent":0,"menu_order":10,"comment_status":"closed","ping_status":"closed","template":"","meta":{"inline_featured_image":false,"footnotes":""},"class_list":["post-186","page","type-page","status-publish","hentry"],"_links":{"self":[{"href":"https:\/\/www.h-honda-b1018.com\/index.php?rest_route=\/wp\/v2\/pages\/186","targetHints":{"allow":["GET"]}}],"collection":[{"href":"https:\/\/www.h-honda-b1018.com\/index.php?rest_route=\/wp\/v2\/pages"}],"about":[{"href":"https:\/\/www.h-honda-b1018.com\/index.php?rest_route=\/wp\/v2\/types\/page"}],"author":[{"embeddable":true,"href":"https:\/\/www.h-honda-b1018.com\/index.php?rest_route=\/wp\/v2\/users\/1"}],"replies":[{"embeddable":true,"href":"https:\/\/www.h-honda-b1018.com\/index.php?rest_route=%2Fwp%2Fv2%2Fcomments&post=186"}],"version-history":[{"count":36,"href":"https:\/\/www.h-honda-b1018.com\/index.php?rest_route=\/wp\/v2\/pages\/186\/revisions"}],"predecessor-version":[{"id":813,"href":"https:\/\/www.h-honda-b1018.com\/index.php?rest_route=\/wp\/v2\/pages\/186\/revisions\/813"}],"wp:attachment":[{"href":"https:\/\/www.h-honda-b1018.com\/index.php?rest_route=%2Fwp%2Fv2%2Fmedia&parent=186"}],"curies":[{"name":"wp","href":"https:\/\/api.w.org\/{rel}","templated":true}]}}